{"id":229,"date":"2026-01-19T16:37:50","date_gmt":"2026-01-19T16:37:50","guid":{"rendered":"https:\/\/www.diagnostic-immo.pro\/?page_id=229"},"modified":"2026-01-19T16:37:50","modified_gmt":"2026-01-19T16:37:50","slug":"mentions-legales","status":"publish","type":"page","link":"https:\/\/www.diagnostic-immo.pro\/index.php\/mentions-legales\/","title":{"rendered":"Mentions L\u00e9gales"},"content":{"rendered":"\n<ul class=\"wp-block-list\">\n<li><strong>Mentions l\u00e9gales<\/strong><br><strong>\u00c9diteur du site<\/strong><br>Le pr\u00e9sent site, accessible \u00e0 l\u2019URL <a href=\"https:\/\/www.diagnostic-immo.pro\/\">https:\/\/www.diagnostic-immo.pro\/<\/a>, est \u00e9dit\u00e9 par :<br><strong>DIAGNOSTIMO<\/strong><br>Soci\u00e9t\u00e9 \u00e0 responsabilit\u00e9 limit\u00e9e (SARL)<br>Si\u00e8ge social : <strong>1951 A route de Vacquiers, 31620 Bouloc \u2013 France<\/strong><br>T\u00e9l\u00e9phone : <em>0609582481<\/em><br>Adresse e-mail : <em>diagnostimo@outlook.fr<\/em><br>SIREN : <strong>881 940 845<\/strong><br>SIRET : <strong>881 940 845 00012<\/strong><br>Num\u00e9ro de TVA intracommunautaire : <strong>FR10881940845<\/strong><br>Code APE : <strong>7120B \u2013 Analyses, essais et inspections techniques<\/strong><br>RCS : <strong>Toulouse<\/strong><br><strong>Responsable de la publication<\/strong><br>Monsieur <strong>Julien Daufin<\/strong>, en qualit\u00e9 de g\u00e9rant.<br><br><strong>H\u00e9bergement du site<\/strong><br>Le site est h\u00e9berg\u00e9 par :<br><strong>OVH SAS<\/strong><br>2 rue Kellermann<br>59100 Roubaix \u2013 France<br>T\u00e9l\u00e9phone : 1007<br>Site web : <a href=\"https:\/\/www.ovhcloud.com\">https:\/\/www.ovhcloud.com<\/a><br><br><strong>Propri\u00e9t\u00e9 intellectuelle<\/strong><br>L\u2019ensemble des contenus pr\u00e9sents sur le site (textes, images, logos, graphismes, ic\u00f4nes, etc.) est prot\u00e9g\u00e9 par le droit d\u2019auteur et reste la propri\u00e9t\u00e9 exclusive de DIAGNOSTIMO, sauf mention contraire.<br>Toute reproduction, repr\u00e9sentation, modification ou adaptation, totale ou partielle, sans autorisation pr\u00e9alable \u00e9crite est interdite.<br><br><strong>Donn\u00e9es personnelles (RGPD)<\/strong><br>Les informations personnelles collect\u00e9es via le site (formulaire de contact, demande de devis, email) sont destin\u00e9es exclusivement \u00e0 <strong>DIAGNOSTIMO<\/strong> et utilis\u00e9es uniquement dans le cadre des \u00e9changes commerciaux et professionnels.<\/li>\n<\/ul>\n","protected":false},"excerpt":{"rendered":"","protected":false},"author":1,"featured_media":0,"parent":0,"menu_order":0,"comment_status":"closed","ping_status":"closed","template":"","meta":{"site-sidebar-layout":"default","site-content-layout":"","ast-site-content-layout":"default","site-content-style":"default","site-sidebar-style":"default","ast-global-header-display":"","ast-banner-title-visibility":"","ast-main-header-display":"","ast-hfb-above-header-display":"","ast-hfb-below-header-display":"","ast-hfb-mobile-header-display":"","site-post-title":"","ast-breadcrumbs-content":"","ast-featured-img":"","footer-sml-layout":"","ast-disable-related-posts":"","theme-transparent-header-meta":"","adv-header-id-meta":"","stick-header-meta":"","header-above-stick-meta":"","header-main-stick-meta":"","header-below-stick-meta":"","astra-migrate-meta-layouts":"default","ast-page-background-enabled":"default","ast-page-background-meta":{"desktop":{"background-color":"var(--ast-global-color-5)","background-image":"","background-repeat":"repeat","background-position":"center center","background-size":"auto","background-attachment":"scroll","background-type":"","background-media":"","overlay-type":"","overlay-color":"","overlay-opacity":"","overlay-gradient":""},"tablet":{"background-color":"","background-image":"","background-repeat":"repeat","background-position":"center center","background-size":"auto","background-attachment":"scroll","background-type":"","background-media":"","overlay-type":"","overlay-color":"","overlay-opacity":"","overlay-gradient":""},"mobile":{"background-color":"","background-image":"","background-repeat":"repeat","background-position":"center center","background-size":"auto","background-attachment":"scroll","background-type":"","background-media":"","overlay-type":"","overlay-color":"","overlay-opacity":"","overlay-gradient":""}},"ast-content-background-meta":{"desktop":{"background-color":"var(--ast-global-color-4)","background-image":"","background-repeat":"repeat","background-position":"center center","background-size":"auto","background-attachment":"scroll","background-type":"","background-media":"","overlay-type":"","overlay-color":"","overlay-opacity":"","overlay-gradient":""},"tablet":{"background-color":"var(--ast-global-color-4)","background-image":"","background-repeat":"repeat","background-position":"center center","background-size":"auto","background-attachment":"scroll","background-type":"","background-media":"","overlay-type":"","overlay-color":"","overlay-opacity":"","overlay-gradient":""},"mobile":{"background-color":"var(--ast-global-color-4)","background-image":"","background-repeat":"repeat","background-position":"center center","background-size":"auto","background-attachment":"scroll","background-type":"","background-media":"","overlay-type":"","overlay-color":"","overlay-opacity":"","overlay-gradient":""}},"footnotes":""},"class_list":["post-229","page","type-page","status-publish","hentry"],"_links":{"self":[{"href":"https:\/\/www.diagnostic-immo.pro\/index.php\/wp-json\/wp\/v2\/pages\/229","targetHints":{"allow":["GET"]}}],"collection":[{"href":"https:\/\/www.diagnostic-immo.pro\/index.php\/wp-json\/wp\/v2\/pages"}],"about":[{"href":"https:\/\/www.diagnostic-immo.pro\/index.php\/wp-json\/wp\/v2\/types\/page"}],"author":[{"embeddable":true,"href":"https:\/\/www.diagnostic-immo.pro\/index.php\/wp-json\/wp\/v2\/users\/1"}],"replies":[{"embeddable":true,"href":"https:\/\/www.diagnostic-immo.pro\/index.php\/wp-json\/wp\/v2\/comments?post=229"}],"version-history":[{"count":1,"href":"https:\/\/www.diagnostic-immo.pro\/index.php\/wp-json\/wp\/v2\/pages\/229\/revisions"}],"predecessor-version":[{"id":230,"href":"https:\/\/www.diagnostic-immo.pro\/index.php\/wp-json\/wp\/v2\/pages\/229\/revisions\/230"}],"wp:attachment":[{"href":"https:\/\/www.diagnostic-immo.pro\/index.php\/wp-json\/wp\/v2\/media?parent=229"}],"curies":[{"name":"wp","href":"https:\/\/api.w.org\/{rel}","templated":true}]}}